{"id":13,"date":"2025-03-26T07:18:59","date_gmt":"2025-03-26T07:18:59","guid":{"rendered":"https:\/\/kaijahartiala.fi\/?page_id=13"},"modified":"2025-03-26T07:54:15","modified_gmt":"2025-03-26T07:54:15","slug":"kuntavaalit-2025","status":"publish","type":"page","link":"https:\/\/kaijahartiala.fi\/?page_id=13","title":{"rendered":"Kuntavaalit 2025"},"content":{"rendered":"<section\n    class=\"custom-block wp-block-text \"\n>\n    <div class=\"wrap small\">\n            <h1\n    class=\"color-default title-default title-default\"\n>\n    Vaaliteemani 2025\n<\/h1>\n\n                <h2>RATIKKA<\/h2>\n<p>Tuleva kaupunginvaltuusto p\u00e4\u00e4tt\u00e4\u00e4 mahdollisesta raitiotieinvestoinnista. \u00a0\u00a0On ollut aikoinaan suuri virhe luopua ratikasta , mutta sen rakentaminen uudelleen ei ole taloudellisesti eik\u00e4 toiminnallisesti j\u00e4rkev\u00e4\u00e4. Pelkk\u00e4 infran siirt\u00e4minen raiteiden alta ja siihen liittyv\u00e4t arkeologiset kaivaukset sek\u00e4 paaluttaminen syv\u00e4\u00e4n savimaahan pit\u00e4isiv\u00e4t kaupungin sekaisin pitk\u00e4\u00e4n ja maksaisivat todenn\u00e4k\u00f6isesti paljon enemm\u00e4n kuin nyt on arvioitu. Rakentamisen ilmastovaikutukset olisivat massiiviset betoni- ja ter\u00e4srakenteiden vuoksi.\u00a0 Kaupungin kehitt\u00e4minen hidastuisi ja muut t\u00e4rke\u00e4t investoinnit kuten uimahallit ja pelikent\u00e4t siirtyisiv\u00e4t pitk\u00e4lle tulevaisuuteen. Suunniteltu ratikkalinjaus palvelisi hyvin rajallista osuutta kaupunkilaisista muiden joutuessa vain maksumiehiksi.<\/p>\n<p>&nbsp;<\/p>\n<h2>KOULUTUS<\/h2>\n<p>Vuosina 2013-2021 toimin kasvatus- ja opetuslautakunnan puheenjohtajana ja pormestarij\u00e4rjestelm\u00e4\u00e4n siirtymisen j\u00e4lkeen varapuheenjohtajana. Turkulaisten lasten polku p\u00e4iv\u00e4kodista ty\u00f6el\u00e4m\u00e4\u00e4n on monipuolinen ja laadukas \u2013 tarjolla on paljon erilaisia vaihtoehtoja. Sote-uudistuksen j\u00e4lkeen koulutussektori on suurin palvelutoiminnoista.<\/p>\n<p>Kaupunki on suorittanut kasvatus- ja opetuslautakunnan pyynn\u00f6st\u00e4 omistamissaan kiinteist\u00f6iss\u00e4 kuntokartoituksen, jonka seurauksena Turussa rakennetaan nyt enn\u00e4tysm\u00e4\u00e4r\u00e4 kouluja ja p\u00e4iv\u00e4koteja koska monet rakennukset on todettu korjauskelvottomiksi.\u00a0 Osasyyn\u00e4 t\u00e4h\u00e4n oli 70-luvun arkkitehtuuri, jossa sokkelit olivat matalia ja rakennuksissa oli tasakatto. Osasyyn\u00e4 oli huono kiinteist\u00f6jen hoito ja yll\u00e4pito. Nyt toiminta on suunnitelmallista ja kaoottisilta pikaisilta kiinteist\u00f6jen sulkemisilta toivottavasti v\u00e4ltyt\u00e4\u00e4n my\u00f6s tulevaisuudessa.<\/p>\n<p>Varhaiskasvatuksen saatavuus on parantunut yksityisten p\u00e4iv\u00e4kotien perustamisen ja omien p\u00e4iv\u00e4kotien tarkemman seurannan ansiosta. Perheet voivat Turussa valita lapselle my\u00f6s monia p\u00e4iv\u00e4koteja, joissa varhaiskasvatuksella on jokin erityinen painotus \u2013 esim. kieli tai luonto.<\/p>\n<p>Peruskoulut tarjoavat Turussa korkeatasoista opetusta ja monia vaihtoehtoja.\u00a0 Ryhm\u00e4koot on pidetty pienin\u00e4.\u00a0 Meill\u00e4 toteutetaan positiivisen diskriminaation periaatetta, mik\u00e4 tarkoittaa ett\u00e4 esim. maahanmuuttajavaltaisissa kouluissa on muita kouluja merkitt\u00e4v\u00e4sti enemm\u00e4n resurssia k\u00e4ytett\u00e4viss\u00e4.\u00a0 Erityislasten opetus on j\u00e4rjestetty Turussa mallikkaasti.<\/p>\n<p>Turkuun perustettiin ensimm\u00e4iset kieliluokat yli 30 vuotta sitten. Nyt meill\u00e4 on kielivalikoiman lis\u00e4ksi tarjota koko joukko muitakin erikoisluokkia, mm. liikunta- musiikki- ja matematiikkaluokkia.\u00a0 Erikoisluokista k\u00e4yd\u00e4\u00e4n ajoittain poliittista k\u00e4denv\u00e4\u00e4nt\u00f6\u00e4. Oman k\u00e4sitykseni mukaan erikoisluokat tarjoavat lapsille tasa-arvoisesti mahdollisuuden vaikkapa harrastaa musiikkia, vaikka vanhemmilla ei olisi siihen varaa.<\/p>\n<p>Olin vastuussa Turun kansainv\u00e4lisen koulun perustamisesta 2000-luvun alussa. Turun liike-el\u00e4m\u00e4n nopea kehitys ja tiedemaailman kansainv\u00e4lisyys edellytt\u00e4v\u00e4t kansainv\u00e4lisen koulun laajentamista. Koulun yll\u00e4pito on nyt siirretty yliopistolta Turun kaupungille ja sen oppilasm\u00e4\u00e4r\u00e4n kasvattaminen on suunnitelmissa.<\/p>\n<p>Ammattikoulutuksen on seurattava aikaansa ja Turun nopea kehittyminen tuo sek\u00e4 haasteita ett\u00e4 mahdollisuuksia uusiin avauksiin.\u00a0 Turun Ammatti-instituutti toimii tiiviiss\u00e4 yhteisty\u00f6ss\u00e4 alueen yritysten kanssa opetusta kehitt\u00e4en. Ammatti-instituutin eri koulutuslinjat olivat historiallisista syist\u00e4 j\u00e4\u00e4neet vanhoihin opistojen kiinteist\u00f6ihin. Nyt suunniteltu Taitokampus kokoaa suuren osan ammatillista koulutusta samaan kiinteist\u00f6\u00f6n ja mahdollistaa monipuolisemmat opintopolut.<\/p>\n<p>Suuri haaste koko Suomen peruskoululle on poikien oppimista syrjiv\u00e4 opetus. Tutkimusty\u00f6 ilmi\u00f6n syist\u00e4 on v\u00e4ltt\u00e4m\u00e4t\u00f6nt\u00e4. Omassa ty\u00f6ss\u00e4ni lastenl\u00e4\u00e4k\u00e4rin\u00e4 tapaan poikia, jotka ovat \u00e4lykk\u00e4it\u00e4 ja vilkkaita. ADHD-diagnoosien eritt\u00e4in nopea lis\u00e4\u00e4ntyminen on huolestuttavaa, koska l\u00e4\u00e4kityksell\u00e4 puututaan lapsen persoonaan ja my\u00f6s fyysiseen kehitykseen nopean kasvun vaiheessa. Erilaisuuden salliminen on mielest\u00e4ni yksi t\u00e4rkeimmist\u00e4 tavoitteista jotta erilaisten lasten motivaatio koulunk\u00e4yntiin ja opiskeluun s\u00e4ilyy.<\/p>\n<p>&nbsp;<\/p>\n<h2>HYVINVOINTI, KULTTUURI, LIIKUNTA<\/h2>\n<p>SOTE-uudistuksen j\u00e4lkeen hyvinvoinnin ja terveyden edist\u00e4minen jakautuu hyvinvointialueiden ja kuntien kesken tavalla, jota ei ole miss\u00e4\u00e4n tarkoin m\u00e4\u00e4ritelty. Liikunta on t\u00e4rkein toimintakyky\u00e4 yll\u00e4pit\u00e4v\u00e4 aktiviteetti. Omalla aktiivisuudella on iso merkitys hyvinvoinnille. Suuri osa meist\u00e4 voi itse p\u00e4\u00e4tt\u00e4\u00e4, paljonko liikkuu, mit\u00e4 ja paljonko sy\u00f6 ja harrastaako jotakin joka pit\u00e4\u00e4 mielen virke\u00e4n\u00e4. \u00a0Kaupungin tarjoamat houkuttelevat liikuntapaikat tukevat kaupunkilaisten valintoja. Impivaaran uimahallin suuri suosio on l\u00e4hes ylitt\u00e4nyt hallin kapasiteetin. Uuden uimahallin suunnittelu on ollut k\u00e4ynniss\u00e4 ja on t\u00e4rke\u00e4\u00e4 ett\u00e4 suunnitelmat johtavat uuden rakentamiseen.<\/p>\n<p>Turun liikuntatoimi on ollut Suomessa edell\u00e4k\u00e4vij\u00e4. Valtakunnallisen Liikkuva Koulu-hankkeen edell\u00e4k\u00e4vij\u00e4 oli Turun Koulut Liikkeelle-hanke, jonka innovaatioita Nuori Suomi ansiokkaasti levitti ymp\u00e4ri Suomea. Lapsille on varmistettava kunnolliset liikuntaedellytykset vaikka t\u00e4ll\u00e4kin hetkell\u00e4 suuri m\u00e4\u00e4r\u00e4 koululaisia on sijoitettuina v\u00e4ist\u00f6tiloihin joissa ei ole liikuntatiloja.<\/p>\n<p>Kulttuurip\u00e4\u00e4kaupunkivuoden perint\u00f6n\u00e4 Turun kulttuuriel\u00e4m\u00e4 on vilkastunut entisest\u00e4\u00e4n ja kaupungin kulttuuri-investoinnit osaltaan kasvattavat kulttuurin harrastamisen mahdollisuuksia.\u00a0 Taiteen talo ja Musiikkitalo ovat viime vuosien t\u00e4rkeit\u00e4 , pitk\u00e4lle tulevaisuuteen vaikuttavia investointeja.<\/p>\n<p>Turku on kulttuurisesti rikas &#8211; t\u00e4\u00e4ll\u00e4 voi l\u00f6yt\u00e4\u00e4 juuri itselleen sopivan tavan virkist\u00e4\u00e4 mielt\u00e4\u00e4n. Itse olen uppoutunut 1790-luvulla rakennetun Brinkhallin kartanon historiaan ja sitoutunut sen kunnostamiseen jotta se edelleenkin toimii el\u00e4v\u00e4n\u00e4 kulttuuripaikkana.<\/p>\n<p>&nbsp;<\/p>\n<h2>TY\u00d6 JA YRITT\u00c4MINEN<\/h2>\n<p>Itsekin yritt\u00e4j\u00e4n\u00e4 koen yritt\u00e4misen motivoivana. Toisaalta yritt\u00e4miseen sis\u00e4ltyy edelleen paljon riskej\u00e4 ja varsinkin pienyritt\u00e4j\u00e4ll\u00e4 jokap\u00e4iv\u00e4iseen el\u00e4m\u00e4\u00e4n liittyvi\u00e4. Omassa ty\u00f6ss\u00e4ni n\u00e4en t\u00e4m\u00e4n p\u00e4ivitt\u00e4in: yksitt\u00e4isen yritt\u00e4j\u00e4n lapsen sairaus vie tienistin usean p\u00e4iv\u00e4n ajalta kun menot s\u00e4ilyv\u00e4t ennallaan.<\/p>\n<p>Ty\u00f6n pit\u00e4isi olla ihmisen perusoikeus. Eritt\u00e4in hyv\u00e4 uudistus on ollut se ett\u00e4 ty\u00f6tt\u00f6myyskorvausta saava voi kuitenkin tehd\u00e4 jonkinverran palkallista ty\u00f6t\u00e4 menett\u00e4m\u00e4tt\u00e4 korvaustaan. Turussa erityisesti maahanmuuttajien ty\u00f6llistymisess\u00e4 on edelleen paljon ongelmia. Kielen oppimisen noidankeh\u00e4n ratkaisisi usein ty\u00f6skenteleminen suomenkielisess\u00e4 ymp\u00e4rist\u00f6ss\u00e4. N\u00e4it\u00e4 mahdollisuuksia on Turussa kehitett\u00e4v\u00e4 nykyist\u00e4 ponnekkaammin.<\/p>\n<p>Ty\u00f6tt\u00f6mysasioiden hoidon siirtyminen kaupungille on ollut iso muutos, joka mahdollistaa jatkossa tehokkaampia tapoja ty\u00f6tt\u00f6myyden hoitoon. Siirtyminen on ollut tietojen siirron osalta kovin hankalaa, mutta kun alkuvaikeudet saadaan ylitetyksi, on uudistuksella mahdollisuus vaikuttaa tehokkaammin ty\u00f6nhakijoiden palveluihin.<\/p>\n<p>&nbsp;<\/p>\n<h2>KASVAVA KAUPUNKI<\/h2>\n<p>Historiallisen kaupungin rakentaminen on teht\u00e4v\u00e4 harkiten ja taitavasti. Ajan kerroksien on oltava n\u00e4kyvill\u00e4 kaupungissa &#8211; onneksi vanhaa on opittu pit\u00e4m\u00e4\u00e4n arvossa.\u00a0 Keskikaupungin elinvoiman kasvattaminen vaatii lis\u00e4\u00e4 asukkaita ja asukkaat puolestaan asuntoja, joita saadaan t\u00e4ydennysrakentamisella.\u00a0 Suuria kehitt\u00e4mishankkeita on viet\u00e4v\u00e4 eteenp\u00e4in asukkaita kuuntelemalla. Liian tihe\u00e4st\u00e4 kaavoittamisesta on jo kaupunkialueella valitettavia esimerkkej\u00e4, joista koituu haittoja vuosikymmeniksi.<\/p>\n<p>Saarten rakentaminen on teht\u00e4v\u00e4 siten ett\u00e4 liikenne ja palvelut ovat tasapainossa asukasm\u00e4\u00e4r\u00e4n kasvun kanssa. Itse Hirvensalossa asuvana ihmettelen liikennesuunnittelun byrokraattisuutta. Hirvensalon aamuruuhkat olisivat jo nyt pitk\u00e4lti ratkaistavissa Kakskerrantien nelikaistaistamisella ja V\u00e4h\u00e4-Heikkil\u00e4ntien parantamisella vet\u00e4v\u00e4ksi.<\/p>\n<p>&nbsp;<\/p>\n<h2>JOHTAMINEN<\/h2>\n<p>Turussa on perinteisesti ollut vahva keskushallinto, joka on kasvattanut budjettiaan merkitt\u00e4v\u00e4sti vaikka muut sektorit ovat toimineet suu s\u00e4kki\u00e4 my\u00f6ten.\u00a0\u00a0 SOTE-uudistuksessa kaupungin budjetista l\u00e4hti 40%, mutta keskushallinnon yhteisist\u00e4 palveluista siirtyi vain 24% siirtyi hyvinvointialueelle mist\u00e4 voi p\u00e4\u00e4tell\u00e4 ett\u00e4 hallinnon osuus kaupungin toiminnassa on korostunut entisest\u00e4\u00e4n. Keskushallinnon teht\u00e4v\u00e4t on m\u00e4\u00e4ritelt\u00e4v\u00e4 tarkasti ja jokaisen ty\u00f6teht\u00e4v\u00e4n tarkoituksenmukaisuus Turun kannalta punnittava. Teht\u00e4v\u00e4\u00e4ns\u00e4 hyvin koulutettuja ja osaavia ty\u00f6ntekij\u00f6it\u00e4 tarvitaan kehitt\u00e4m\u00e4\u00e4n Turkua joustavasti ja vailla turhaa byrokratiaa.<\/p>\n<p>&nbsp;<\/p>\n<p>&nbsp;<\/p>\n\n            <\/div>\n<\/section>\n","protected":false},"excerpt":{"rendered":"","protected":false},"author":1,"featured_media":0,"parent":0,"menu_order":0,"comment_status":"closed","ping_status":"closed","template":"","meta":{"_acf_changed":false,"footnotes":""},"class_list":["post-13","page","type-page","status-publish","hentry"],"acf":[],"yoast_head":"<!-- This site is optimized with the Yoast SEO plugin v23.9 - https:\/\/yoast.com\/wordpress\/plugins\/seo\/ -->\n<title>Kuntavaalit 2025 - Kaija Hartiala<\/title>\n<meta name=\"robots\" content=\"index, follow, max-snippet:-1, max-image-preview:large, max-video-preview:-1\" \/>\n<link rel=\"canonical\" href=\"https:\/\/kaijahartiala.fi\/?page_id=13\" \/>\n<meta property=\"og:locale\" content=\"fi_FI\" \/>\n<meta property=\"og:type\" content=\"article\" \/>\n<meta property=\"og:title\" content=\"Kuntavaalit 2025 - Kaija Hartiala\" \/>\n<meta property=\"og:url\" content=\"https:\/\/kaijahartiala.fi\/?page_id=13\" \/>\n<meta property=\"og:site_name\" content=\"Kaija Hartiala\" \/>\n<meta property=\"article:modified_time\" content=\"2025-03-26T07:54:15+00:00\" \/>\n<meta name=\"twitter:card\" content=\"summary_large_image\" \/>\n<script type=\"application\/ld+json\" class=\"yoast-schema-graph\">{\"@context\":\"https:\/\/schema.org\",\"@graph\":[{\"@type\":\"WebPage\",\"@id\":\"https:\/\/kaijahartiala.fi\/?page_id=13\",\"url\":\"https:\/\/kaijahartiala.fi\/?page_id=13\",\"name\":\"Kuntavaalit 2025 - Kaija Hartiala\",\"isPartOf\":{\"@id\":\"https:\/\/kaijahartiala.fi\/#website\"},\"datePublished\":\"2025-03-26T07:18:59+00:00\",\"dateModified\":\"2025-03-26T07:54:15+00:00\",\"breadcrumb\":{\"@id\":\"https:\/\/kaijahartiala.fi\/?page_id=13#breadcrumb\"},\"inLanguage\":\"fi\",\"potentialAction\":[{\"@type\":\"ReadAction\",\"target\":[\"https:\/\/kaijahartiala.fi\/?page_id=13\"]}]},{\"@type\":\"BreadcrumbList\",\"@id\":\"https:\/\/kaijahartiala.fi\/?page_id=13#breadcrumb\",\"itemListElement\":[{\"@type\":\"ListItem\",\"position\":1,\"name\":\"Home\",\"item\":\"https:\/\/kaijahartiala.fi\/\"},{\"@type\":\"ListItem\",\"position\":2,\"name\":\"Kuntavaalit 2025\"}]},{\"@type\":\"WebSite\",\"@id\":\"https:\/\/kaijahartiala.fi\/#website\",\"url\":\"https:\/\/kaijahartiala.fi\/\",\"name\":\"Kaija Hartiala\",\"description\":\"\",\"potentialAction\":[{\"@type\":\"SearchAction\",\"target\":{\"@type\":\"EntryPoint\",\"urlTemplate\":\"https:\/\/kaijahartiala.fi\/?s={search_term_string}\"},\"query-input\":{\"@type\":\"PropertyValueSpecification\",\"valueRequired\":true,\"valueName\":\"search_term_string\"}}],\"inLanguage\":\"fi\"}]}<\/script>\n<!-- \/ Yoast SEO plugin. -->","yoast_head_json":{"title":"Kuntavaalit 2025 - Kaija Hartiala","robots":{"index":"index","follow":"follow","max-snippet":"max-snippet:-1","max-image-preview":"max-image-preview:large","max-video-preview":"max-video-preview:-1"},"canonical":"https:\/\/kaijahartiala.fi\/?page_id=13","og_locale":"fi_FI","og_type":"article","og_title":"Kuntavaalit 2025 - Kaija Hartiala","og_url":"https:\/\/kaijahartiala.fi\/?page_id=13","og_site_name":"Kaija Hartiala","article_modified_time":"2025-03-26T07:54:15+00:00","twitter_card":"summary_large_image","schema":{"@context":"https:\/\/schema.org","@graph":[{"@type":"WebPage","@id":"https:\/\/kaijahartiala.fi\/?page_id=13","url":"https:\/\/kaijahartiala.fi\/?page_id=13","name":"Kuntavaalit 2025 - Kaija Hartiala","isPartOf":{"@id":"https:\/\/kaijahartiala.fi\/#website"},"datePublished":"2025-03-26T07:18:59+00:00","dateModified":"2025-03-26T07:54:15+00:00","breadcrumb":{"@id":"https:\/\/kaijahartiala.fi\/?page_id=13#breadcrumb"},"inLanguage":"fi","potentialAction":[{"@type":"ReadAction","target":["https:\/\/kaijahartiala.fi\/?page_id=13"]}]},{"@type":"BreadcrumbList","@id":"https:\/\/kaijahartiala.fi\/?page_id=13#breadcrumb","itemListElement":[{"@type":"ListItem","position":1,"name":"Home","item":"https:\/\/kaijahartiala.fi\/"},{"@type":"ListItem","position":2,"name":"Kuntavaalit 2025"}]},{"@type":"WebSite","@id":"https:\/\/kaijahartiala.fi\/#website","url":"https:\/\/kaijahartiala.fi\/","name":"Kaija Hartiala","description":"","potentialAction":[{"@type":"SearchAction","target":{"@type":"EntryPoint","urlTemplate":"https:\/\/kaijahartiala.fi\/?s={search_term_string}"},"query-input":{"@type":"PropertyValueSpecification","valueRequired":true,"valueName":"search_term_string"}}],"inLanguage":"fi"}]}},"_links":{"self":[{"href":"https:\/\/kaijahartiala.fi\/index.php?rest_route=\/wp\/v2\/pages\/13","targetHints":{"allow":["GET"]}}],"collection":[{"href":"https:\/\/kaijahartiala.fi\/index.php?rest_route=\/wp\/v2\/pages"}],"about":[{"href":"https:\/\/kaijahartiala.fi\/index.php?rest_route=\/wp\/v2\/types\/page"}],"author":[{"embeddable":true,"href":"https:\/\/kaijahartiala.fi\/index.php?rest_route=\/wp\/v2\/users\/1"}],"replies":[{"embeddable":true,"href":"https:\/\/kaijahartiala.fi\/index.php?rest_route=%2Fwp%2Fv2%2Fcomments&post=13"}],"version-history":[{"count":5,"href":"https:\/\/kaijahartiala.fi\/index.php?rest_route=\/wp\/v2\/pages\/13\/revisions"}],"predecessor-version":[{"id":69,"href":"https:\/\/kaijahartiala.fi\/index.php?rest_route=\/wp\/v2\/pages\/13\/revisions\/69"}],"wp:attachment":[{"href":"https:\/\/kaijahartiala.fi\/index.php?rest_route=%2Fwp%2Fv2%2Fmedia&parent=13"}],"curies":[{"name":"wp","href":"https:\/\/api.w.org\/{rel}","templated":true}]}}